{"id":1423,"date":"2015-02-27T22:58:04","date_gmt":"2015-02-27T22:58:21","guid":{"rendered":"http:\/\/www.eden-training.ch\/kunden\/?lang=en"},"modified":"2017-02-19T13:57:28","modified_gmt":"2017-02-19T13:57:28","slug":"kunden","status":"publish","type":"page","link":"https:\/\/www.eden-training.ch\/en\/ueber-uns\/kunden\/","title":{"rendered":"Customers"},"content":{"rendered":"<h3>EDEN Customers\u00a0Automotives<\/h3>\n<ul>\n<li><a href=\"http:\/\/www.BMW-Muenchen.de\" target=\"_blank\">BMW Werk M\u00fcnchen<\/a><\/li>\n<li><a href=\"http:\/\/www.bosch.com\" target=\"_blank\">Bosch International<\/a><\/li>\n<li><a href=\"http:\/\/www.Delphi.com\" target=\"_blank\">Delphi International<\/a><\/li>\n<li><a href=\"http:\/\/www.eb-bruehl.com\" target=\"_blank\">Eisenwerke Br\u00fchl<\/a><\/li>\n<li><a href=\"http:\/\/www.ejot.de\" target=\"_blank\">EJOT<\/a><\/li>\n<li><a href=\"http:\/\/www.iav.com\/de\" target=\"_blank\">IAV automotive<\/a><\/li>\n<li><a href=\"http:\/\/www.normagroup.com\" target=\"_blank\">NORMA Group und Norma Deutschland<\/a><\/li>\n<li><a href=\"http:\/\/www.railcare.ch\" target=\"_blank\">Railcare Z\u00fcrich<\/a><\/li>\n<\/ul>\n<h3>EDEN Customers Banks and Insurances<\/h3>\n<ul>\n<li><a href=\"http:\/\/www.ubs.com\" target=\"_blank\">UBS<\/a><\/li>\n<li><a href=\"http:\/\/www.Volksbank.de\" target=\"_blank\">Volksbank<\/a><\/li>\n<li><a href=\"http:\/\/www.adg-business-school.de\" target=\"_blank\">ADG Business School Montabaur<\/a><\/li>\n<li><a href=\"http:\/\/www.gemoneybank.ch\" target=\"_blank\">GEMoney Bank<\/a><\/li>\n<li><a href=\"http:\/\/www.VKF.ch\" target=\"_blank\">Vereinigung kantonaler Feuerversicherungen<\/a><\/li>\n<li><a href=\"http:\/\/www.citibank.de\" target=\"_blank\">Citibank<\/a><\/li>\n<li><a href=\"http:\/\/www.dekabank.de\" target=\"_blank\">DekaBank Deutsche Girozentrale<\/a><\/li>\n<li><a href=\"http:\/\/www.ruv.de\" target=\"_blank\">R+V Versicherungen<\/a><\/li>\n<li><a href=\"http:\/\/www.kreissparkassealtenkirchen.de\" target=\"_blank\">Sparkasse Altenkirchen<\/a><\/li>\n<li><a href=\"http:\/\/www.swissre.com\" target=\"_blank\">Swiss Re<\/a><\/li>\n<\/ul>\n<h3>EDEN Customers\u00a0Consulting<\/h3>\n<ul>\n<li><a href=\"http:\/\/www.abs-ag.ch\" target=\"_blank\">ABS Beratung im Sozialwesen, Pratteln<\/a><\/li>\n<li><a href=\"http:\/\/www.kpmg.ch\" target=\"_blank\">KPMG<\/a><span style=\"text-decoration: underline;\">\u00a0<\/span><\/li>\n<li><a href=\"http:\/\/www.pwc.de\" target=\"_blank\">Price Waterhouse Coopers<\/a><\/li>\n<li><a href=\"http:\/\/www.Ingenior.de\" target=\"_blank\">Ingenior Training und Beratung<\/a><\/li>\n<li><a href=\"http:\/\/www.trivium-coaching.de\" target=\"_blank\">Trivium Coaching Verband<\/a><\/li>\n<li><a href=\"http:\/\/www.unicorn.ag\" target=\"_blank\">Unicorn Professional<\/a><\/li>\n<li><a href=\"http:\/\/www.xpand.eu\" target=\"_blank\">xpand International<\/a><\/li>\n<\/ul>\n<h3>EDEN Customers Energy, Electricity and Environmental Entineering<\/h3>\n<ul>\n<li><a href=\"http:\/\/www.alstom.de\" target=\"_blank\">Alstom<\/a><\/li>\n<li><a href=\"https:\/\/www.bsh-group.com\/laender\/ch\/\" target=\"_blank\">BSH \u2013 BOSCH Siemens Haushaltsger\u00e4te<\/a><\/li>\n<li><a href=\"http:\/\/www.reed.ch\" target=\"_blank\">Reed Electronics AG<\/a><\/li>\n<li><a href=\"http:\/\/www.siemens.de\" target=\"_blank\">Siemens<\/a><\/li>\n<li><a href=\"http:\/\/www.vonroll.de\" target=\"_blank\">VonRoll Umwelttechnik<\/a><\/li>\n<\/ul>\n<h3>EDEN Customers Health Management<\/h3>\n<ul>\n<li><a href=\"http:\/\/www.ategris.de\" target=\"_blank\">Ategris Krankenh\u00e4user<\/a><\/li>\n<li><a href=\"http:\/\/www.Beiersdorf.com\" target=\"_blank\">Beiersdorf<\/a><\/li>\n<li><a href=\"http:\/\/www.heraeus.de\u00a0\" target=\"_blank\">Heraeus<\/a><\/li>\n<li><a href=\"http:\/\/www.humedica.org\" target=\"_blank\">humedica<\/a><\/li>\n<li><a href=\"http:\/\/www.merz.de\" target=\"_blank\">Merz Pharma<\/a><\/li>\n<li><a href=\"http:\/\/takeda.com\">Takeda Pharma International<\/a><\/li>\n<li><a href=\"http:\/\/www.weightwatchers.de\" target=\"_blank\">Weight Watchers GmbH D\u00fcsseldorf<\/a><\/li>\n<\/ul>\n<h3>EDEN Customers IT and Marketing<\/h3>\n<ul>\n<li><a href=\"http:\/\/www.ifsworld.com\" target=\"_blank\">IFS Deutschland GmbH &amp; Co. KG<\/a><\/li>\n<li><a href=\"http:\/\/www.walderwerber.ch\" target=\"_blank\">Walder Werber AG Marketingagentur Uster<\/a><\/li>\n<\/ul>\n<h3>EDEN Customers Retail and Food Industry<\/h3>\n<ul>\n<li><a href=\"http:\/\/www.KaDeWe.de\" target=\"_blank\">KaDeWe<\/a><\/li>\n<li><a href=\"http:\/\/www.betaseed.com\">BETASEED<\/a><\/li>\n<li><a href=\"http:\/\/www.land-ag.de\" target=\"_blank\">Seifersbacher Land AG<\/a><\/li>\n<li><a href=\"http:\/\/www.kws.de\" target=\"_blank\">KWS Saat<\/a><\/li>\n<\/ul>\n<h3>EDEN Customers Metall and Space<\/h3>\n<ul>\n<li><a href=\"http:\/\/www.butting-akademie.de\" target=\"_blank\">Butting und Butting Akademie &#8211; Knesebeck<\/a><\/li>\n<li><a href=\"http:\/\/www.cassidian.com\" target=\"_blank\">Cassidian EADS heute Airbus Defence<\/a><\/li>\n<li><a href=\"http:\/\/www.leoni-irradiation-services.com\" target=\"_blank\">LEONI Studer Hard AG<\/a><\/li>\n<\/ul>\n<h3>EDEN Customers Production<\/h3>\n<ul>\n<li><a href=\"http:\/\/www.duscholux.ch\" target=\"_blank\">Duscholux<\/a><\/li>\n<li><a href=\"http:\/\/www.garaventa.com\" target=\"_blank\">Garaventa AG<\/a><\/li>\n<li><a href=\"http:\/\/www.kaercher.de\" target=\"_blank\">K\u00e4rcher<\/a><\/li>\n<li><a href=\"http:\/\/www.stihl.de\">STIHL<\/a><\/li>\n<\/ul>\n<h3>EDEN Customers Travel, Traffic and Hotel<\/h3>\n<ul>\n<li><a href=\"http:\/\/www.deutschebahn.com\" target=\"_blank\">Deutsche Bahn<\/a><\/li>\n<li><a href=\"http:\/\/www.hapag-lloyd.de\" target=\"_blank\">Hapag-Lloyd<\/a><\/li>\n<li><a href=\"http:\/\/www.lufthansa.com\" target=\"_blank\">Lufthansa Frankfurt<\/a><\/li>\n<li><a href=\"http:\/\/www.minotel.de\" target=\"_blank\">Minotel<\/a><\/li>\n<li><a href=\"http:\/\/www.cvjmessen.de\" target=\"_blank\">CVJM Essen Sozialwerk gGmbH<\/a><\/li>\n<li><a href=\"http:\/\/www.WALO.ch\" target=\"_blank\">Walo Bertschinger AG<\/a><\/li>\n<li><a href=\"http:\/\/www.Glockenspitze.de\">www.Glockenspitze.de Sport- und Seminarhotel<\/a><\/li>\n<\/ul>\n<h3>EDEN Customers Sport<\/h3>\n<ul>\n<li><a href=\"http:\/\/www.adfc.de\" target=\"_blank\">ADFC &#8211; Allgemeiner deutscher Fahrradclub<\/a><\/li>\n<li><a href=\"http:\/\/www.rad-net.de\" target=\"_blank\">BDR &#8211; Bund Deutscher Radfahrer<\/a><\/li>\n<li><a href=\"http:\/\/www.burton.com\" target=\"_blank\">BURTON SNOWBOARDS<\/a><\/li>\n<li><a href=\"http:\/\/www.nitrousa.com\" target=\"_blank\">Nitro Snowboards<\/a><\/li>\n<li><a href=\"http:\/\/www.prophysics.ch\">Prohpysics AG<\/a><\/li>\n<li><a href=\"http:\/\/www.tatonka.com\" target=\"_blank\">Tatonka &#8211; Outdoor Equipment<\/a><\/li>\n<\/ul>\n<h3>EDEN Customers Public Administration<\/h3>\n<ul>\n<li><a href=\"http:\/\/www.dietzenbach.de\" target=\"_blank\">Wirtschaftsbetriebe der Kreisstadt Dietzenbach<\/a><\/li>\n<li><a href=\"http:\/\/www.ueag-jena.de\" target=\"_blank\">\u00dcAG Jena Bildung Beratung F\u00f6rderung<\/a><\/li>\n<li><a href=\"http:\/\/www.zuerich.ch\" target=\"_blank\">Stadt Z\u00fcrich<\/a><\/li>\n<\/ul>\n<h3>EDEN University Collaborations<\/h3>\n<ul>\n<li><a href=\"http:\/\/www.adg-business-school.de\" target=\"_blank\">ADG Business School Montabaur<\/a><\/li>\n<li><a href=\"http:\/\/www.hochschule-heidelberg.de\" target=\"_blank\">SRH Heidelberg<\/a><\/li>\n<li><a href=\"http:\/\/www.tu-chemnitz.de\" target=\"_blank\">Technische Universit\u00e4t Chemnitz<\/a><\/li>\n<\/ul>\n","protected":false},"excerpt":{"rendered":"EDEN Customers\u00a0Automotives BMW Werk M\u00fcnchen Bosch International Delphi International Eisenwerke Br\u00fchl EJOT IAV automotive NORMA Group und Norma Deutschland Railcare Z\u00fcrich EDEN Customers Banks and Insurances UBS Volksbank ADG Business School Montabaur GEMoney Bank Vereinigung kantonaler Feuerversicherungen Citibank DekaBank Deutsche Girozentrale R+V Versicherungen Sparkasse Altenkirchen Swiss Re EDEN Customers\u00a0Consulting ABS Beratung im Sozialwesen, Pratteln KPMG\u00a0&#8230; <a class=\"view-article\" href=\"https:\/\/www.eden-training.ch\/en\/ueber-uns\/kunden\/\">View Article<\/a>","protected":false},"author":1,"featured_media":0,"parent":1802,"menu_order":4,"comment_status":"open","ping_status":"open","template":"","meta":{"_monsterinsights_skip_tracking":false,"_monsterinsights_sitenote_active":false,"_monsterinsights_sitenote_note":"","_monsterinsights_sitenote_category":0,"footnotes":"","_links_to":"","_links_to_target":""},"class_list":["post-1423","page","type-page","status-publish","hentry"],"_links":{"self":[{"href":"https:\/\/www.eden-training.ch\/en\/wp-json\/wp\/v2\/pages\/1423\/"}],"collection":[{"href":"https:\/\/www.eden-training.ch\/en\/wp-json\/wp\/v2\/pages\/"}],"about":[{"href":"https:\/\/www.eden-training.ch\/en\/wp-json\/wp\/v2\/types\/page\/"}],"author":[{"embeddable":true,"href":"https:\/\/www.eden-training.ch\/en\/wp-json\/wp\/v2\/users\/1\/"}],"replies":[{"embeddable":true,"href":"https:\/\/www.eden-training.ch\/en\/wp-json\/wp\/v2\/comments\/?post=1423"}],"version-history":[{"count":17,"href":"https:\/\/www.eden-training.ch\/en\/wp-json\/wp\/v2\/pages\/1423\/revisions\/"}],"predecessor-version":[{"id":2273,"href":"https:\/\/www.eden-training.ch\/en\/wp-json\/wp\/v2\/pages\/1423\/revisions\/2273\/"}],"up":[{"embeddable":true,"href":"https:\/\/www.eden-training.ch\/en\/wp-json\/wp\/v2\/pages\/1802\/"}],"wp:attachment":[{"href":"https:\/\/www.eden-training.ch\/en\/wp-json\/wp\/v2\/media\/?parent=1423"}],"curies":[{"name":"wp","href":"https:\/\/api.w.org\/{rel}","templated":true}]}}